{"id":2103,"date":"2015-12-14T07:14:55","date_gmt":"2015-12-14T07:14:55","guid":{"rendered":"http:\/\/gabinetedarder.com\/sample-page-2\/"},"modified":"2022-07-01T09:01:01","modified_gmt":"2022-07-01T09:01:01","slug":"sample-page-2","status":"publish","type":"page","link":"https:\/\/gabinetedarder.com\/en\/","title":{"rendered":"home"},"content":{"rendered":"<div class=\"wpb-content-wrapper\"><p>[vc_row 0=&#8221;&#8221;][vc_column][vc_column_text 0=&#8221;&#8221;][et_pb_section bb_built=&#8221;1&#8243;][et_pb_row][et_pb_column type=&#8221;4_4&#8243;][et_pb_text]<\/p>\n<p>[\/vc_column_text][\/vc_column][\/vc_row][vc_row full_width=&#8221;stretch_row_content_no_spaces&#8221; content_placement=&#8221;bottom&#8221; css=&#8221;.vc_custom_1506471495396{padding-top: 0px !important;background-color: #878787 !important;}&#8221;][vc_column 0=&#8221;&#8221;][vc_single_image image=&#8221;1843&#8243; img_size=&#8221;full&#8221; alignment=&#8221;center&#8221; el_id=&#8221;imgHome-principal&#8221;][\/vc_column][\/vc_row][vc_row full_width=&#8221;stretch_row_content_no_spaces&#8221; content_placement=&#8221;middle&#8221; css=&#8221;.vc_custom_1506475265646{margin-top: 0px !important;margin-bottom: 0px !important;border-top-width: 0px !important;border-bottom-width: 0px !important;padding-top: 5px !important;padding-right: 15% !important;padding-bottom: 7px !important;padding-left: 15% !important;background-color: #878787 !important;}&#8221;][vc_column][vc_cta h2=&#8221;&#8221; shape=&#8221;square&#8221; style=&#8221;flat&#8221; add_button=&#8221;right&#8221; btn_title=&#8221;Contact&#8221; btn_style=&#8221;flat&#8221; btn_color=&#8221;white&#8221; btn_size=&#8221;lg&#8221; btn_align=&#8221;right&#8221; btn_css_animation=&#8221;none&#8221; btn_button_block=&#8221;true&#8221; css=&#8221;.vc_custom_1525784646161{margin-bottom: 0px !important;background-color: #878787 !important;}&#8221; btn_link=&#8221;url:http%3A%2F%2Fgabinetedarder.com%2Fen%2Fcontact%2F|||&#8221; el_class=&#8221;buttonCA_contactoHome&#8221; btn_el_class=&#8221;buttonCA_home&#8221;]<span style=\"font-size: 16pt; color: #ffffff;\">Do you want to make an appointment? Contact us<\/span>[\/vc_cta][\/vc_column][\/vc_row][vc_row css=&#8221;.vc_custom_1506471543440{margin-bottom: 37px !important;padding-top: 50px !important;}&#8221;][vc_column width=&#8221;1\/3&#8243; offset=&#8221;vc_hidden-md vc_hidden-sm vc_hidden-xs&#8221;][vc_single_image image=&#8221;1955&#8243; img_size=&#8221;250&#215;150&#8243; alignment=&#8221;center&#8221; onclick=&#8221;custom_link&#8221; link=&#8221;http:\/\/gabinetedarder.com\/en\/administrative-management\/&#8221;][vc_column_text]<span style=\"font-size: 18pt;\"><em><span style=\"color: #032056;\"><strong><a href=\"http:\/\/gabinetedarder.com\/en\/administrative-management\/\">Administrative management<\/a><\/strong><\/span><\/em><\/span>[\/vc_column_text][vc_empty_space height=&#8221;50px&#8221;][vc_single_image image=&#8221;1963&#8243; img_size=&#8221;250&#215;150&#8243; onclick=&#8221;custom_link&#8221; link=&#8221;http:\/\/gabinetedarder.com\/en\/legal-consultancy\/&#8221;][vc_column_text]<span style=\"font-size: 18pt;\"><em><span style=\"color: #032056;\"><strong><a href=\"http:\/\/gabinetedarder.com\/en\/legal-consultancy\/\">Legal consultancy<\/a><\/strong><\/span><\/em><\/span>[\/vc_column_text][\/vc_column][vc_column width=&#8221;1\/3&#8243; css=&#8221;.vc_custom_1508921184168{margin-right: 10px !important;margin-left: 0px !important;}&#8221; offset=&#8221;vc_hidden-md vc_hidden-sm vc_hidden-xs&#8221;][vc_single_image image=&#8221;1957&#8243; img_size=&#8221;250&#215;150&#8243; alignment=&#8221;center&#8221; onclick=&#8221;custom_link&#8221; link=&#8221;http:\/\/gabinetedarder.com\/en\/tax-consultancy\/&#8221;][vc_column_text]<span style=\"font-size: 18pt;\"><em><span style=\"color: #032056;\"><strong><a href=\"http:\/\/gabinetedarder.com\/en\/tax-consultancy\/\">Tax consultancy<\/a><\/strong><\/span><\/em><\/span>[\/vc_column_text][vc_empty_space height=&#8221;50px&#8221;][vc_single_image image=&#8221;1965&#8243; img_size=&#8221;250&#215;150&#8243; onclick=&#8221;custom_link&#8221; link=&#8221;http:\/\/gabinetedarder.com\/en\/property-management\/&#8221;][vc_column_text]<span style=\"font-size: 18pt;\"><em><span style=\"color: #032056;\"><strong><a href=\"http:\/\/gabinetedarder.com\/en\/property-management\/\">Property management<\/a><\/strong><\/span><\/em><\/span>[\/vc_column_text][\/vc_column][vc_column width=&#8221;1\/3&#8243; offset=&#8221;vc_hidden-md vc_hidden-sm vc_hidden-xs&#8221;][vc_single_image image=&#8221;1961&#8243; img_size=&#8221;250&#215;150&#8243; onclick=&#8221;custom_link&#8221; link=&#8221;http:\/\/gabinetedarder.com\/en\/employment-consultancy\/&#8221;][vc_column_text]<span style=\"font-size: 18pt;\"><em><span style=\"color: #032056;\"><strong><a href=\"http:\/\/gabinetedarder.com\/en\/employment-consultancy\/\">Employment consultancy<\/a><\/strong><\/span><\/em><\/span>[\/vc_column_text][vc_empty_space height=&#8221;50px&#8221;][vc_single_image image=&#8221;1969&#8243; img_size=&#8221;250&#215;150&#8243; onclick=&#8221;custom_link&#8221; link=&#8221;http:\/\/gabinetedarder.com\/en\/other-services\/&#8221;][vc_column_text]<span style=\"font-size: 18pt;\"><em><span style=\"color: #032056;\"><strong><a href=\"http:\/\/gabinetedarder.com\/en\/other-services\/\">Other services<\/a><\/strong><\/span><\/em><\/span>[\/vc_column_text][\/vc_column][\/vc_row][vc_row css=&#8221;.vc_custom_1506471543440{margin-bottom: 37px !important;padding-top: 50px !important;}&#8221;][vc_column width=&#8221;1\/2&#8243; offset=&#8221;vc_hidden-lg&#8221;][vc_single_image image=&#8221;1886&#8243; img_size=&#8221;250&#215;150&#8243; alignment=&#8221;center&#8221; onclick=&#8221;custom_link&#8221; link=&#8221;http:\/\/gabinetedarder.com\/gestoria-administrativa\/&#8221;][vc_column_text]<span style=\"font-size: 18pt;\"><em><span style=\"color: #032056;\"><strong><a href=\"http:\/\/gabinetedarder.com\/en\/administrative-management\/\">Administrative management<\/a><\/strong><\/span><\/em><\/span>[\/vc_column_text][vc_empty_space height=&#8221;50px&#8221;][vc_single_image image=&#8221;1888&#8243; img_size=&#8221;250&#215;150&#8243; onclick=&#8221;custom_link&#8221; link=&#8221;http:\/\/gabinetedarder.com\/asesoria-juridica\/&#8221;][vc_column_text]<span style=\"font-size: 18pt;\"><em><span style=\"color: #032056;\"><strong><a href=\"http:\/\/gabinetedarder.com\/en\/legal-consultancy\/\">Legal consultancy<\/a><\/strong><\/span><\/em><\/span>[\/vc_column_text][vc_empty_space height=&#8221;50px&#8221;][vc_single_image image=&#8221;1889&#8243; img_size=&#8221;250&#215;150&#8243; alignment=&#8221;center&#8221; onclick=&#8221;custom_link&#8221; link=&#8221;http:\/\/gabinetedarder.com\/asesoria-fiscal\/&#8221;][vc_column_text]<span style=\"font-size: 18pt;\"><em><span style=\"color: #032056;\"><strong><a href=\"http:\/\/gabinetedarder.com\/en\/tax-consultancy\/\">Tax consultancy<\/a><\/strong><\/span><\/em><\/span>[\/vc_column_text][vc_empty_space height=&#8221;50px&#8221;][vc_single_image image=&#8221;1888&#8243; img_size=&#8221;250&#215;150&#8243; onclick=&#8221;custom_link&#8221; link=&#8221;http:\/\/gabinetedarder.com\/administracion-de-fincas\/&#8221;][vc_column_text]<span style=\"font-size: 18pt;\"><em><span style=\"color: #032056;\"><strong><a href=\"http:\/\/gabinetedarder.com\/en\/property-management\/\">Property management<\/a><\/strong><\/span><\/em><\/span>[\/vc_column_text][\/vc_column][vc_column width=&#8221;1\/2&#8243; offset=&#8221;vc_hidden-lg&#8221;][vc_single_image image=&#8221;1888&#8243; img_size=&#8221;250&#215;150&#8243; onclick=&#8221;custom_link&#8221; link=&#8221;http:\/\/gabinetedarder.com\/asesoria-contable\/&#8221;][vc_column_text]<span style=\"font-size: 18pt;\"><em><span style=\"color: #032056;\"><strong><a href=\"http:\/\/gabinetedarder.com\/en\/accounting-consultancy\/\">Accounting consultancy<\/a><\/strong><\/span><\/em><\/span>[\/vc_column_text][vc_empty_space height=&#8221;50px&#8221;][vc_single_image image=&#8221;1888&#8243; img_size=&#8221;250&#215;150&#8243; onclick=&#8221;custom_link&#8221; link=&#8221;http:\/\/darderinmobiliaria.todoo.cat\/&#8221;][vc_column_text]<span style=\"font-size: 18pt;\"><em><span style=\"color: #032056;\"><strong><a href=\"http:\/\/darderinmobiliaria.todoo.cat\/\">Servicios Inmobiliarios<\/a><\/strong><\/span><\/em><\/span>[\/vc_column_text][vc_empty_space height=&#8221;50px&#8221;][vc_single_image image=&#8221;1888&#8243; img_size=&#8221;250&#215;150&#8243; onclick=&#8221;custom_link&#8221; link=&#8221;http:\/\/gabinetedarder.com\/asesoria-laboral\/&#8221;][vc_column_text]<span style=\"font-size: 18pt;\"><em><span style=\"color: #032056;\"><strong><a href=\"http:\/\/gabinetedarder.com\/en\/employment-consultancy\/\">Employment consultancy<\/a><\/strong><\/span><\/em><\/span>[\/vc_column_text][vc_empty_space height=&#8221;50px&#8221;][vc_single_image image=&#8221;1888&#8243; img_size=&#8221;250&#215;150&#8243; onclick=&#8221;custom_link&#8221; link=&#8221;http:\/\/gabinetedarder.com\/otrosservicios\/&#8221;][vc_column_text]<span style=\"font-size: 18pt;\"><em><span style=\"color: #032056;\"><strong><a href=\"http:\/\/gabinetedarder.com\/en\/other-services\/\">Other services<\/a><\/strong><\/span><\/em><\/span>[\/vc_column_text][\/vc_column][\/vc_row][vc_row full_width=&#8221;stretch_row&#8221; gap=&#8221;35&#8243; css=&#8221;.vc_custom_1506473476109{padding-top: 59px !important;padding-bottom: 59px !important;background-color: #f4f4f4 !important;}&#8221;][vc_column css=&#8221;.vc_custom_1500574342493{padding-right: 20px !important;padding-left: 20px !important;}&#8221;][vc_empty_space][vc_empty_space][vc_column_text]<\/p>\n<p style=\"text-align: left;\">The complexity and diversity of administrative procedures before public bodies in today&#8217;s society requires the monitoring and knowledge that only a good team of professionals can offer. Companies and individuals alike need solid support to keep them up to date with their commitments and obligations to the public authorities and, at the same time, they need to be able to rely on effective consultancy services.<\/p>\n<p style=\"text-align: left;\">For many years, GABINETE MARIO DARDER, S.L. has been covering all of these needs. It is an organisation dedicated to the processing, management and resolution of all types of issues with the administrative authorities. In addition, one of its main activities is consultancy, which includes advice on matters of concern to both modern companies and the general public, such as questions concerning fiscal, employment, accounting and taxation matters.<\/p>\n<p style=\"text-align: left;\">For the successful development of its operations, GABINETE MARIO DARDER, S.L., has a team of people and an infrastructure that is constantly being updated with new technologies.<\/p>\n<p>[\/vc_column_text][vc_empty_space][vc_btn title=&#8221;Our Philosophy&#8221; style=&#8221;custom&#8221; custom_background=&#8221;#ffffff&#8221; custom_text=&#8221;#666666&#8243; shape=&#8221;square&#8221; align=&#8221;center&#8221; link=&#8221;url:http%3A%2F%2Fgabinetedarder.com%2Fen%2Fphilosophy%2F|||&#8221; css=&#8221;.vc_custom_1525785207754{margin-top: 25px !important;margin-right: 25px !important;margin-bottom: 25px !important;border-top-width: 5px !important;border-right-width: 5px !important;border-bottom-width: 5px !important;border-left-width: 5px !important;padding-top: 25px !important;padding-right: 25px !important;padding-bottom: 25px !important;padding-left: 25px !important;border-radius: 1px !important;}&#8221;][vc_empty_space][\/vc_column][\/vc_row][vc_row full_width=&#8221;stretch_row_content_no_spaces&#8221; css=&#8221;.vc_custom_1500646495640{margin-top: 0px !important;margin-bottom: 0px !important;border-top-width: 0px !important;border-bottom-width: 0px !important;padding-top: 0px !important;padding-bottom: 0px !important;background-color: #002e5b !important;}&#8221;][vc_column][vc_gmaps link=&#8221;#E-8_JTNDaWZyYW1lJTIwc3JjJTNEJTIyaHR0cHMlM0ElMkYlMkZ3d3cuZ29vZ2xlLmNvbSUyRm1hcHMlMkZlbWJlZCUzRnBiJTNEJTIxMW0xNCUyMTFtOCUyMTFtMyUyMTFkMTIzMDEuNTU3MTM0NTUwMjU2JTIxMmQyLjY1NTYzMjclMjEzZDM5LjU3MzM3NjElMjEzbTIlMjExaTEwMjQlMjEyaTc2OCUyMTRmMTMuMSUyMTNtMyUyMTFtMiUyMTFzMHgwJTI1M0EweDgwMWU1Y2Y5N2RlZDU4NWYlMjEyc0dhYmluZXRlJTJCTWFyaW8lMkJEYXJkZXIlMkJTLkwuJTIxNWUwJTIxM20yJTIxMXNlcyUyMTJzZXMlMjE0djE1MDA2NDc0NTQyMzclMjIlMjB3aWR0aCUzRCUyMjEwMCUyNSUyMiUyMGhlaWdodCUzRCUyMjQ1MCUyMiUyMGZyYW1lYm9yZGVyJTNEJTIyMCUyMiUyMHN0eWxlJTNEJTIyYm9yZGVyJTNBMCUyMiUyMGFsbG93ZnVsbHNjcmVlbiUzRSUzQyUyRmlmcmFtZSUzRQ==&#8221;][\/vc_column][\/vc_row][vc_column offset=&#8221;vc_hidden-xs&#8221;][\/vc_column][vc_column 0=&#8221;&#8221;][\/vc_column]<\/p>\n<\/div>","protected":false},"excerpt":{"rendered":"<p>[vc_row 0=&#8221;&#8221;][vc_column][vc_column_text&#8230;<\/p>\n","protected":false},"author":1,"featured_media":0,"parent":0,"menu_order":0,"comment_status":"closed","ping_status":"closed","template":"","meta":{"_et_pb_use_builder":"on","_et_pb_old_content":"[vc_row full_width=\"stretch_row_content_no_spaces\" content_placement=\"middle\" css=\".vc_custom_1500563936322{margin-bottom: 0px !important;background-image: url(http:\/\/gabinetedarder.com\/wp-content\/uploads\/2015\/12\/MOCKUP_DARDER_portada.jpg?id=1271) !important;background-position: center !important;background-repeat: no-repeat !important;background-size: cover !important;}\"][vc_column offset=\"vc_hidden-xs\"][vc_empty_space height=\"600px\"][\/vc_column][\/vc_row][vc_row full_width=\"stretch_row\" content_placement=\"bottom\" css=\".vc_custom_1499702662714{margin-bottom: 60px !important;padding-top: 0px !important;background-color: #878787 !important;}\"][vc_column][vc_cta h2=\"\" shape=\"square\" style=\"flat\" add_button=\"right\" btn_title=\"Contacto\" btn_style=\"flat\" btn_color=\"default\" btn_size=\"lg\" btn_align=\"right\" btn_i_align=\"right\" btn_i_icon_fontawesome=\"fa fa-caret-right\" btn_css_animation=\"none\" btn_button_block=\"true\" btn_add_icon=\"true\" css=\".vc_custom_1500565995465{margin-bottom: 0px !important;background-color: #878787 !important;}\"]<span style=\"font-size: 16pt; color: #ffffff;\">\u00bfDesea concertar una cita? P\u00f3ngase en contacto con nosotros<\/span>[\/vc_cta][\/vc_column][\/vc_row][vc_row css=\".vc_custom_1450856873482{margin-bottom: 37px !important;}\"][vc_column width=\"1\/3\"][vc_single_image image=\"1241\" img_size=\"full\" alignment=\"center\"][vc_column_text 0=\"\"]<span style=\"font-size: 18pt;\"><em><span style=\"color: #032056;\"><strong>Gestor\u00eda Administrativa<\/strong><\/span><\/em><\/span>[\/vc_column_text][\/vc_column][vc_column width=\"1\/3\"][vc_single_image image=\"1241\" img_size=\"full\" alignment=\"center\"][vc_column_text 0=\"\"]<span style=\"font-size: 18pt;\"><em><span style=\"color: #032056;\"><strong>Asesor\u00eda Laboral<\/strong><\/span><\/em><\/span>[\/vc_column_text][\/vc_column][vc_column width=\"1\/3\"][vc_single_image image=\"1241\" img_size=\"full\" alignment=\"center\"][vc_column_text 0=\"\"]<span style=\"font-size: 18pt;\"><em><span style=\"color: #032056;\"><strong>Asesor\u00eda Contable<\/strong><\/span><\/em><\/span>[\/vc_column_text][\/vc_column][\/vc_row][vc_row full_width=\"stretch_row_content_no_spaces\" css=\".vc_custom_1500564807643{background-color: #f4f4f4 !important;}\"][vc_column width=\"1\/4\"][\/vc_column][vc_column width=\"1\/2\" css=\".vc_custom_1500574342493{padding-right: 20px !important;padding-left: 20px !important;}\"][vc_empty_space 0=\"\"][vc_empty_space 0=\"\"][vc_single_image image=\"1238\" img_size=\"medium\" alignment=\"center\"][vc_column_text 0=\"\"]\r\n<p style=\"text-align: center;\">La complejidad y diversidad en materia de actuaciones administrativas ante organismos p\u00fablicos en la sociedad actual, requiere del seguimiento y los conocimientos que s\u00f3lo un buen equipo de profesionales puede ofrecer. Tanto Empresas como particulares precisan de un s\u00f3lido soporte que les mantenga al d\u00eda en el cumplimiento de compromisos y obligaciones con la Administraci\u00f3n y, a la vez, puedan contar con un asesoramiento eficaz.<\/p>\r\n<p style=\"text-align: center;\">Desde hace muchos a\u00f1os, todas estas necesidades viene cubri\u00e9ndolas GABINETE MARIO DARDER, S.L. Se trata de una entidad dedicada a la tramitaci\u00f3n, gesti\u00f3n y resoluci\u00f3n de todo tipo de asuntos ante los \u00f3rganos de la Administraci\u00f3n. Adem\u00e1s, una de sus actividades principales es la consultor\u00eda, que abarca el asesoramiento en materias que preocupan tanto a la empresa moderna como al ciudadano en general, tales como cuestiones de \u00edndole fiscal, laboral, contable y tributaria.<\/p>\r\n<p style=\"text-align: center;\">Para el adecuado desarrollo de sus actividades, GABINETE MARIO DARDER, S.L., cuenta con un equipo humano y una infraestructura permanentemente adaptados a las nuevas tecnolog\u00edas.<\/p>\r\n[\/vc_column_text][vc_empty_space 0=\"\"][vc_btn title=\"Llamar 971 725 106\" style=\"flat\" color=\"theme_style_1\" align=\"center\" link=\"url:tel%3A%2B34971725106|||\"][vc_empty_space 0=\"\"][\/vc_column][vc_column width=\"1\/4\"][\/vc_column][\/vc_row][vc_row full_width=\"stretch_row_content_no_spaces\" css=\".vc_custom_1500646495640{margin-top: 0px !important;margin-bottom: 0px !important;border-top-width: 0px !important;border-bottom-width: 0px !important;padding-top: 0px !important;padding-bottom: 0px !important;background-color: #002e5b !important;}\"][vc_column 0=\"\"][vc_gmaps link=\"#E-8_JTNDaWZyYW1lJTIwc3JjJTNEJTIyaHR0cHMlM0ElMkYlMkZ3d3cuZ29vZ2xlLmNvbSUyRm1hcHMlMkZlbWJlZCUzRnBiJTNEJTIxMW0xNCUyMTFtOCUyMTFtMyUyMTFkMTIzMDEuNTU3MTM0NTUwMjU2JTIxMmQyLjY1NTYzMjclMjEzZDM5LjU3MzM3NjElMjEzbTIlMjExaTEwMjQlMjEyaTc2OCUyMTRmMTMuMSUyMTNtMyUyMTFtMiUyMTFzMHgwJTI1M0EweDgwMWU1Y2Y5N2RlZDU4NWYlMjEyc0dhYmluZXRlJTJCTWFyaW8lMkJEYXJkZXIlMkJTLkwuJTIxNWUwJTIxM20yJTIxMXNlcyUyMTJzZXMlMjE0djE1MDA2NDc0NTQyMzclMjIlMjB3aWR0aCUzRCUyMjEwMCUyNSUyMiUyMGhlaWdodCUzRCUyMjQ1MCUyMiUyMGZyYW1lYm9yZGVyJTNEJTIyMCUyMiUyMHN0eWxlJTNEJTIyYm9yZGVyJTNBMCUyMiUyMGFsbG93ZnVsbHNjcmVlbiUzRSUzQyUyRmlmcmFtZSUzRQ==\"][\/vc_column][\/vc_row]","_et_gb_content_width":"","_joinchat":[],"footnotes":""},"class_list":["post-2103","page","type-page","status-publish","hentry"],"yoast_head":"<!-- This site is optimized with the Yoast SEO plugin v27.4 - https:\/\/yoast.com\/product\/yoast-seo-wordpress\/ -->\n<title>home - Gabinete Darder<\/title>\n<meta name=\"robots\" content=\"index, follow, max-snippet:-1, max-image-preview:large, max-video-preview:-1\" \/>\n<link rel=\"canonical\" href=\"https:\/\/gabinetedarder.com\/en\/sample-page-2\/\" \/>\n<meta property=\"og:locale\" content=\"en_US\" \/>\n<meta property=\"og:type\" content=\"article\" \/>\n<meta property=\"og:title\" content=\"home - Gabinete Darder\" \/>\n<meta property=\"og:description\" content=\"[vc_row 0=&#8221;&#8221;][vc_column][vc_column_text...\" \/>\n<meta property=\"og:url\" content=\"https:\/\/gabinetedarder.com\/en\/sample-page-2\/\" \/>\n<meta property=\"og:site_name\" content=\"Gabinete Darder\" \/>\n<meta property=\"article:modified_time\" content=\"2022-07-01T09:01:01+00:00\" \/>\n<meta name=\"twitter:card\" content=\"summary_large_image\" \/>\n<meta name=\"twitter:label1\" content=\"Est. reading time\" \/>\n\t<meta name=\"twitter:data1\" content=\"3 minutes\" \/>\n<script type=\"application\/ld+json\" class=\"yoast-schema-graph\">{\"@context\":\"https:\\\/\\\/schema.org\",\"@graph\":[{\"@type\":\"WebPage\",\"@id\":\"https:\\\/\\\/gabinetedarder.com\\\/en\\\/sample-page-2\\\/\",\"url\":\"https:\\\/\\\/gabinetedarder.com\\\/en\\\/sample-page-2\\\/\",\"name\":\"home - Gabinete Darder\",\"isPartOf\":{\"@id\":\"https:\\\/\\\/gabinetedarder.com\\\/#website\"},\"datePublished\":\"2015-12-14T07:14:55+00:00\",\"dateModified\":\"2022-07-01T09:01:01+00:00\",\"breadcrumb\":{\"@id\":\"https:\\\/\\\/gabinetedarder.com\\\/en\\\/sample-page-2\\\/#breadcrumb\"},\"inLanguage\":\"en-US\",\"potentialAction\":[{\"@type\":\"ReadAction\",\"target\":[\"https:\\\/\\\/gabinetedarder.com\\\/en\\\/sample-page-2\\\/\"]}]},{\"@type\":\"BreadcrumbList\",\"@id\":\"https:\\\/\\\/gabinetedarder.com\\\/en\\\/sample-page-2\\\/#breadcrumb\",\"itemListElement\":[{\"@type\":\"ListItem\",\"position\":1,\"name\":\"Home\",\"item\":\"https:\\\/\\\/gabinetedarder.com\\\/en\\\/sample-page-2\\\/\"},{\"@type\":\"ListItem\",\"position\":2,\"name\":\"home\"}]},{\"@type\":\"WebSite\",\"@id\":\"https:\\\/\\\/gabinetedarder.com\\\/#website\",\"url\":\"https:\\\/\\\/gabinetedarder.com\\\/\",\"name\":\"Gabinete Darder\",\"description\":\"Palma de Mallorca\",\"potentialAction\":[{\"@type\":\"SearchAction\",\"target\":{\"@type\":\"EntryPoint\",\"urlTemplate\":\"https:\\\/\\\/gabinetedarder.com\\\/?s={search_term_string}\"},\"query-input\":{\"@type\":\"PropertyValueSpecification\",\"valueRequired\":true,\"valueName\":\"search_term_string\"}}],\"inLanguage\":\"en-US\"}]}<\/script>\n<!-- \/ Yoast SEO plugin. -->","yoast_head_json":{"title":"home - Gabinete Darder","robots":{"index":"index","follow":"follow","max-snippet":"max-snippet:-1","max-image-preview":"max-image-preview:large","max-video-preview":"max-video-preview:-1"},"canonical":"https:\/\/gabinetedarder.com\/en\/sample-page-2\/","og_locale":"en_US","og_type":"article","og_title":"home - Gabinete Darder","og_description":"[vc_row 0=&#8221;&#8221;][vc_column][vc_column_text...","og_url":"https:\/\/gabinetedarder.com\/en\/sample-page-2\/","og_site_name":"Gabinete Darder","article_modified_time":"2022-07-01T09:01:01+00:00","twitter_card":"summary_large_image","twitter_misc":{"Est. reading time":"3 minutes"},"schema":{"@context":"https:\/\/schema.org","@graph":[{"@type":"WebPage","@id":"https:\/\/gabinetedarder.com\/en\/sample-page-2\/","url":"https:\/\/gabinetedarder.com\/en\/sample-page-2\/","name":"home - Gabinete Darder","isPartOf":{"@id":"https:\/\/gabinetedarder.com\/#website"},"datePublished":"2015-12-14T07:14:55+00:00","dateModified":"2022-07-01T09:01:01+00:00","breadcrumb":{"@id":"https:\/\/gabinetedarder.com\/en\/sample-page-2\/#breadcrumb"},"inLanguage":"en-US","potentialAction":[{"@type":"ReadAction","target":["https:\/\/gabinetedarder.com\/en\/sample-page-2\/"]}]},{"@type":"BreadcrumbList","@id":"https:\/\/gabinetedarder.com\/en\/sample-page-2\/#breadcrumb","itemListElement":[{"@type":"ListItem","position":1,"name":"Home","item":"https:\/\/gabinetedarder.com\/en\/sample-page-2\/"},{"@type":"ListItem","position":2,"name":"home"}]},{"@type":"WebSite","@id":"https:\/\/gabinetedarder.com\/#website","url":"https:\/\/gabinetedarder.com\/","name":"Gabinete Darder","description":"Palma de Mallorca","potentialAction":[{"@type":"SearchAction","target":{"@type":"EntryPoint","urlTemplate":"https:\/\/gabinetedarder.com\/?s={search_term_string}"},"query-input":{"@type":"PropertyValueSpecification","valueRequired":true,"valueName":"search_term_string"}}],"inLanguage":"en-US"}]}},"_links":{"self":[{"href":"https:\/\/gabinetedarder.com\/en\/wp-json\/wp\/v2\/pages\/2103","targetHints":{"allow":["GET"]}}],"collection":[{"href":"https:\/\/gabinetedarder.com\/en\/wp-json\/wp\/v2\/pages"}],"about":[{"href":"https:\/\/gabinetedarder.com\/en\/wp-json\/wp\/v2\/types\/page"}],"author":[{"embeddable":true,"href":"https:\/\/gabinetedarder.com\/en\/wp-json\/wp\/v2\/users\/1"}],"replies":[{"embeddable":true,"href":"https:\/\/gabinetedarder.com\/en\/wp-json\/wp\/v2\/comments?post=2103"}],"version-history":[{"count":5,"href":"https:\/\/gabinetedarder.com\/en\/wp-json\/wp\/v2\/pages\/2103\/revisions"}],"predecessor-version":[{"id":2573,"href":"https:\/\/gabinetedarder.com\/en\/wp-json\/wp\/v2\/pages\/2103\/revisions\/2573"}],"wp:attachment":[{"href":"https:\/\/gabinetedarder.com\/en\/wp-json\/wp\/v2\/media?parent=2103"}],"curies":[{"name":"wp","href":"https:\/\/api.w.org\/{rel}","templated":true}]}}